{"id":18,"date":"2024-10-01T14:09:19","date_gmt":"2024-10-01T12:09:19","guid":{"rendered":"https:\/\/develop.geburtshaus-bremen.de\/?page_id=18"},"modified":"2025-10-07T19:47:15","modified_gmt":"2025-10-07T17:47:15","slug":"fehlgeburt","status":"publish","type":"page","link":"https:\/\/geburtshaus-bremen.de\/en\/fehlgeburt\/","title":{"rendered":"Miscarriage"},"content":{"rendered":"<div data-elementor-type=\"wp-page\" data-elementor-id=\"18\" class=\"elementor elementor-18\" data-elementor-post-type=\"page\">\n\t\t\t\t<div class=\"elementor-element elementor-element-466b4f30 e-con-full e-flex wpr-particle-no wpr-jarallax-no wpr-parallax-no wpr-sticky-section-no wpr-column-slider-no wpr-equal-height-no e-con e-parent\" data-id=\"466b4f30\" data-element_type=\"container\" data-e-type=\"container\">\n\t\t<div class=\"elementor-element elementor-element-7658d6cc e-con-full e-flex wpr-particle-no wpr-jarallax-no wpr-parallax-no wpr-sticky-section-no wpr-column-slider-no wpr-equal-height-no e-con e-child\" data-id=\"7658d6cc\" data-element_type=\"container\" data-e-type=\"container\">\n\t\t\t\t<div class=\"elementor-element elementor-element-2fc242c1 elementor-widget elementor-widget-image\" data-id=\"2fc242c1\" data-element_type=\"widget\" data-e-type=\"widget\" data-widget_type=\"image.default\">\n\t\t\t\t<div class=\"elementor-widget-container\">\n\t\t\t\t\t\t\t\t\t\t\t\t\t\t\t<img fetchpriority=\"high\" decoding=\"async\" width=\"800\" height=\"549\" src=\"https:\/\/geburtshaus-bremen.de\/wp-content\/uploads\/2024\/10\/Symbol-Transparenz-1024x703.webp\" class=\"attachment-large size-large wp-image-141\" alt=\"\" srcset=\"https:\/\/geburtshaus-bremen.de\/wp-content\/uploads\/2024\/10\/Symbol-Transparenz-1024x703.webp 1024w, https:\/\/geburtshaus-bremen.de\/wp-content\/uploads\/2024\/10\/Symbol-Transparenz-300x206.webp 300w, https:\/\/geburtshaus-bremen.de\/wp-content\/uploads\/2024\/10\/Symbol-Transparenz-768x527.webp 768w, https:\/\/geburtshaus-bremen.de\/wp-content\/uploads\/2024\/10\/Symbol-Transparenz-1536x1054.webp 1536w, https:\/\/geburtshaus-bremen.de\/wp-content\/uploads\/2024\/10\/Symbol-Transparenz.webp 1920w\" sizes=\"(max-width: 800px) 100vw, 800px\" \/>\t\t\t\t\t\t\t\t\t\t\t\t\t\t\t<\/div>\n\t\t\t\t<\/div>\n\t\t\t\t<\/div>\n\t\t\t\t<\/div>\n\t\t<div class=\"elementor-element elementor-element-1ad3339d e-flex e-con-boxed wpr-particle-no wpr-jarallax-no wpr-parallax-no wpr-sticky-section-no wpr-column-slider-no wpr-equal-height-no e-con e-parent\" data-id=\"1ad3339d\" data-element_type=\"container\" data-e-type=\"container\">\n\t\t\t\t\t<div class=\"e-con-inner\">\n\t\t<div class=\"elementor-element elementor-element-34b88f4 e-con-full elementor-hidden-tablet_extra elementor-hidden-tablet elementor-hidden-mobile e-flex wpr-particle-no wpr-jarallax-no wpr-parallax-no wpr-sticky-section-no wpr-column-slider-no wpr-equal-height-no e-con e-child\" data-id=\"34b88f4\" data-element_type=\"container\" data-e-type=\"container\">\n\t\t<div class=\"elementor-element elementor-element-38ebb0c2 e-con-full e-flex wpr-particle-no wpr-jarallax-no wpr-parallax-no wpr-sticky-section-no wpr-column-slider-no wpr-equal-height-no e-con e-child\" data-id=\"38ebb0c2\" data-element_type=\"container\" data-e-type=\"container\">\n\t\t\t\t<div class=\"elementor-element elementor-element-8b7edf9 elementor-widget elementor-widget-text-editor\" data-id=\"8b7edf9\" data-element_type=\"widget\" data-e-type=\"widget\" data-widget_type=\"text-editor.default\">\n\t\t\t\t<div class=\"elementor-widget-container\">\n\t\t\t\t\t\t\t\t\t<p>Learn more:<\/p>\t\t\t\t\t\t\t\t<\/div>\n\t\t\t\t<\/div>\n\t\t\t\t<div class=\"elementor-element elementor-element-1c3520d5 inhalt-links elementor-widget elementor-widget-text-editor\" data-id=\"1c3520d5\" data-element_type=\"widget\" data-e-type=\"widget\" data-widget_type=\"text-editor.default\">\n\t\t\t\t<div class=\"elementor-widget-container\">\n\t\t\t\t\t\t\t\t\t<p>Miscarriage<\/p>\t\t\t\t\t\t\t\t<\/div>\n\t\t\t\t<\/div>\n\t\t\t\t<\/div>\n\t\t\t\t<\/div>\n\t\t<div class=\"elementor-element elementor-element-15e40c45 content e-flex e-con-boxed wpr-particle-no wpr-jarallax-no wpr-parallax-no wpr-sticky-section-no wpr-column-slider-no wpr-equal-height-no e-con e-child\" data-id=\"15e40c45\" data-element_type=\"container\" data-e-type=\"container\">\n\t\t\t\t\t<div class=\"e-con-inner\">\n\t\t\t\t<div class=\"elementor-element elementor-element-7c5adefa elementor-widget elementor-widget-menu-anchor\" data-id=\"7c5adefa\" data-element_type=\"widget\" data-e-type=\"widget\" data-widget_type=\"menu-anchor.default\">\n\t\t\t\t<div class=\"elementor-widget-container\">\n\t\t\t\t\t\t\t<div class=\"elementor-menu-anchor\" id=\"oben\"><\/div>\n\t\t\t\t\t\t<\/div>\n\t\t\t\t<\/div>\n\t\t\t\t<div class=\"elementor-element elementor-element-26a3d85e elementor-widget elementor-widget-heading\" data-id=\"26a3d85e\" data-element_type=\"widget\" data-e-type=\"widget\" data-widget_type=\"heading.default\">\n\t\t\t\t<div class=\"elementor-widget-container\">\n\t\t\t\t\t<h1 class=\"elementor-heading-title elementor-size-default\">Miscarriage \u2013 Support for Early Pregnancy Loss<\/h1>\t\t\t\t<\/div>\n\t\t\t\t<\/div>\n\t\t\t\t<div class=\"elementor-element elementor-element-1dccb36a elementor-widget elementor-widget-text-editor\" data-id=\"1dccb36a\" data-element_type=\"widget\" data-e-type=\"widget\" data-widget_type=\"text-editor.default\">\n\t\t\t\t<div class=\"elementor-widget-container\">\n\t\t\t\t\t\t\t\t\t<p>Even in the event of a loss, you can rely on our support. If you are facing a miscarriage, we provide guidance on possible courses of action. We accompany you during the waiting period and throughout the process of the miscarriage. In addition, follow-up conversations are available if you wish.<\/p><p class=\"translation-block\">If you have concerns about a possible miscarriage, please contact your attending midwife. If you are not yet being cared for by our team, please reach out to your OB-GYN or visit a maternity clinic.<\/p><p>If you do not yet have an attending midwife, you are welcome to contact us during our telephone consultation hours. Depending on our capacity, we can provide support to varying degrees.<\/p>\t\t\t\t\t\t\t\t<\/div>\n\t\t\t\t<\/div>\n\t\t\t\t\t<\/div>\n\t\t\t\t<\/div>\n\t\t<div class=\"elementor-element elementor-element-f2d09c1 e-con-full sidebar-rechts-balken e-flex wpr-particle-no wpr-jarallax-no wpr-parallax-no wpr-sticky-section-no wpr-column-slider-no wpr-equal-height-no e-con e-child\" data-id=\"f2d09c1\" data-element_type=\"container\" data-e-type=\"container\">\n\t\t<div class=\"elementor-element elementor-element-cc07b3d e-con-full e-flex wpr-particle-no wpr-jarallax-no wpr-parallax-no wpr-sticky-section-no wpr-column-slider-no wpr-equal-height-no e-con e-child\" data-id=\"cc07b3d\" data-element_type=\"container\" data-e-type=\"container\">\n\t\t\t\t<div class=\"elementor-element elementor-element-aee4bf2 elementor-widget elementor-widget-global elementor-global-1900 elementor-widget-heading\" data-id=\"aee4bf2\" data-element_type=\"widget\" data-e-type=\"widget\" data-widget_type=\"heading.default\">\n\t\t\t\t<div class=\"elementor-widget-container\">\n\t\t\t\t\t<h4 class=\"elementor-heading-title elementor-size-default\"><a href=\"https:\/\/geburtshaus-bremen.de\/en\/kurse\/#themen\">Themen-Nachmittage<\/a><\/h4>\t\t\t\t<\/div>\n\t\t\t\t<\/div>\n\t\t\t\t<div class=\"elementor-element elementor-element-518b566 elementor-grid-1 elementor-grid-tablet-1 elementor-grid-mobile-1 elementor-posts--thumbnail-top elementor-widget elementor-widget-global elementor-global-1888 elementor-widget-posts\" data-id=\"518b566\" data-element_type=\"widget\" data-e-type=\"widget\" data-settings=\"{&quot;classic_columns&quot;:&quot;1&quot;,&quot;classic_row_gap&quot;:{&quot;unit&quot;:&quot;px&quot;,&quot;size&quot;:4,&quot;sizes&quot;:[]},&quot;classic_columns_tablet&quot;:&quot;1&quot;,&quot;classic_columns_mobile&quot;:&quot;1&quot;,&quot;classic_row_gap_tablet_extra&quot;:{&quot;unit&quot;:&quot;px&quot;,&quot;size&quot;:&quot;&quot;,&quot;sizes&quot;:[]},&quot;classic_row_gap_tablet&quot;:{&quot;unit&quot;:&quot;px&quot;,&quot;size&quot;:&quot;&quot;,&quot;sizes&quot;:[]},&quot;classic_row_gap_mobile&quot;:{&quot;unit&quot;:&quot;px&quot;,&quot;size&quot;:&quot;&quot;,&quot;sizes&quot;:[]}}\" data-widget_type=\"posts.classic\">\n\t\t\t\t<div class=\"elementor-widget-container\">\n\t\t\t\t\t\t\t<div class=\"elementor-posts-container elementor-posts elementor-posts--skin-classic elementor-grid\" role=\"list\">\n\t\t\t\t<article class=\"elementor-post elementor-grid-item post-2420 post type-post status-publish format-standard hentry category-uncategorized\" role=\"listitem\">\n\t\t\t\t<div class=\"elementor-post__text\">\n\t\t\t\t<h4 class=\"elementor-post__title\">\n\t\t\t<a href=\"https:\/\/geburtshaus-bremen.de\/en\/muttertaet\/\" >\n\t\t\t\tMuttert\u00e4t\t\t\t<\/a>\n\t\t<\/h4>\n\t\t\t\t<div class=\"elementor-post__excerpt\">\n\t\t\t<p>Di, 19.05.26,\u00a0 15:30\u201317:00 Uhr<\/p>\n\t\t<\/div>\n\t\t\t\t<\/div>\n\t\t\t\t<\/article>\n\t\t\t\t<article class=\"elementor-post elementor-grid-item post-4932 post type-post status-publish format-standard hentry category-uncategorized\" role=\"listitem\">\n\t\t\t\t<div class=\"elementor-post__text\">\n\t\t\t\t<h4 class=\"elementor-post__title\">\n\t\t\t<a href=\"https:\/\/geburtshaus-bremen.de\/en\/rebozo-workshop\/\" >\n\t\t\t\tWorkshop f\u00fcr Paare mit Rebozo-Tuch\t\t\t<\/a>\n\t\t<\/h4>\n\t\t\t\t<div class=\"elementor-post__excerpt\">\n\t\t\t<p>Fr, 19.06.26, 18:00\u201321:00 Uhr<\/p>\n\t\t<\/div>\n\t\t\t\t<\/div>\n\t\t\t\t<\/article>\n\t\t\t\t<article class=\"elementor-post elementor-grid-item post-2415 post type-post status-publish format-standard hentry category-uncategorized\" role=\"listitem\">\n\t\t\t\t<div class=\"elementor-post__text\">\n\t\t\t\t<h4 class=\"elementor-post__title\">\n\t\t\t<a href=\"https:\/\/geburtshaus-bremen.de\/en\/schlafen-und-wachen\/\" >\n\t\t\t\tSchlafen und Wachen\t\t\t<\/a>\n\t\t<\/h4>\n\t\t\t\t<div class=\"elementor-post__excerpt\">\n\t\t\t<p>Di, 23.06.26, 15:30\u201317:00 Uhr<\/p>\n\t\t<\/div>\n\t\t\t\t<\/div>\n\t\t\t\t<\/article>\n\t\t\t\t<\/div>\n\t\t\n\t\t\t\t\t\t<\/div>\n\t\t\t\t<\/div>\n\t\t\t\t<\/div>\n\t\t<div class=\"elementor-element elementor-element-75df611 e-con-full e-flex wpr-particle-no wpr-jarallax-no wpr-parallax-no wpr-sticky-section-no wpr-column-slider-no wpr-equal-height-no e-con e-child\" data-id=\"75df611\" data-element_type=\"container\" data-e-type=\"container\">\n\t\t\t\t<div class=\"elementor-element elementor-element-13a7046 elementor-widget elementor-widget-global elementor-global-1891 elementor-widget-text-editor\" data-id=\"13a7046\" data-element_type=\"widget\" data-e-type=\"widget\" data-widget_type=\"text-editor.default\">\n\t\t\t\t<div class=\"elementor-widget-container\">\n\t\t\t\t\t\t\t\t\t<h4 class=\"translation-block\"><a href=\"https:\/\/geburtshaus-bremen.de\/en\/kursanmeldung\/\" data-wplink-edit=\"true\" target=\"_self\">Jetzt anmelden zu Kursen <br>und Vortr\u00e4gen<\/a><\/h4>\t\t\t\t\t\t\t\t<\/div>\n\t\t\t\t<\/div>\n\t\t\t\t<\/div>\n\t\t<div class=\"elementor-element elementor-element-24abf08 e-con-full e-flex wpr-particle-no wpr-jarallax-no wpr-parallax-no wpr-sticky-section-no wpr-column-slider-no wpr-equal-height-no e-con e-child\" data-id=\"24abf08\" data-element_type=\"container\" data-e-type=\"container\">\n\t\t\t\t<div class=\"elementor-element elementor-element-d8388fd elementor-widget elementor-widget-global elementor-global-1894 elementor-widget-text-editor\" data-id=\"d8388fd\" data-element_type=\"widget\" data-e-type=\"widget\" data-widget_type=\"text-editor.default\">\n\t\t\t\t<div class=\"elementor-widget-container\">\n\t\t\t\t\t\t\t\t\t<p><a href=\"https:\/\/geburtshaus-bremen.de\/en\/kontakt\/#anfahrt\">You can find us here<\/a><\/p>\t\t\t\t\t\t\t\t<\/div>\n\t\t\t\t<\/div>\n\t\t\t\t<\/div>\n\t\t<div class=\"elementor-element elementor-element-2539dfb e-con-full e-flex wpr-particle-no wpr-jarallax-no wpr-parallax-no wpr-sticky-section-no wpr-column-slider-no wpr-equal-height-no e-con e-child\" data-id=\"2539dfb\" data-element_type=\"container\" data-e-type=\"container\">\n\t\t\t\t<div class=\"elementor-element elementor-element-fef9520 elementor-widget elementor-widget-global elementor-global-1897 elementor-widget-text-editor\" data-id=\"fef9520\" data-element_type=\"widget\" data-e-type=\"widget\" data-widget_type=\"text-editor.default\">\n\t\t\t\t<div class=\"elementor-widget-container\">\n\t\t\t\t\t\t\t\t\t<p>Telephone 0421 34 80 01<\/p>\t\t\t\t\t\t\t\t<\/div>\n\t\t\t\t<\/div>\n\t\t\t\t<\/div>\n\t\t\t\t<\/div>\n\t\t\t\t\t<\/div>\n\t\t\t\t<\/div>\n\t\t\t\t<\/div>","protected":false},"excerpt":{"rendered":"<p>Erfahre mehr: Fehlgeburt Fehlgeburt \u2013\u00a0Begleitung bei fr\u00fchem Schwangerschaftsverlust Auch bei einem Verlust kannst du auf unsere Unterst\u00fctzung z\u00e4hlen. Wenn dich eine Fehlgeburt erwartet, beraten wir dich zu dem m\u00f6glichen Vorgehen. Beim Warten und im Prozess der Geburt begleiten wir dich. Au\u00dferdem kannst du Gespr\u00e4che im Anschluss wahrnehmen. Wenn du Sorgen wegen einer m\u00f6glichen Fehlgeburt hast, wende dich an deine betreuende Hebamme. Falls du noch nicht von unserem Team betreut wirst, melde dich bitte bei deiner betreuenden gyn\u00e4kologischen Fachkraft oder suche eine Geburtsklinik auf.\u00a0 Falls du noch keine betreuende Hebamme hast, dann melde dich gerne zu unseren telefonischen Sprechzeiten. Je nach Kapazit\u00e4t k\u00f6nnen wir in unterschiedlichem Umfang die Begleitung leisten. Themen-Nachmittage Jetzt anmelden zu Kursen und Vortr\u00e4gen Hier findest du uns Telefon 0421 34 80 01<\/p>","protected":false},"author":1,"featured_media":0,"parent":0,"menu_order":0,"comment_status":"closed","ping_status":"closed","template":"","meta":{"inline_featured_image":false,"footnotes":""},"class_list":["post-18","page","type-page","status-publish","hentry"],"yoast_head":"<!-- This site is optimized with the Yoast SEO plugin v27.5 - https:\/\/yoast.com\/product\/yoast-seo-wordpress\/ -->\n<title>Begleitung bei Fehlgeburt \u2013 Geburtshaus Bremen<\/title>\n<meta name=\"description\" content=\"Wir begleiten dich bei einer Fehlgeburt. Wenn du dein Kind fr\u00fch verloren hast oder dich ein Schwangerschaftsverlust erwartet, sind wir da.\" \/>\n<meta name=\"robots\" content=\"index, follow, max-snippet:-1, max-image-preview:large, max-video-preview:-1\" \/>\n<link rel=\"canonical\" href=\"https:\/\/geburtshaus-bremen.de\/en\/fehlgeburt\/\" \/>\n<meta property=\"og:locale\" content=\"en_GB\" \/>\n<meta property=\"og:type\" content=\"article\" \/>\n<meta property=\"og:title\" content=\"Begleitung bei Fehlgeburt \u2013 Geburtshaus Bremen\" \/>\n<meta property=\"og:description\" content=\"Wir begleiten dich bei einer Fehlgeburt. Wenn du dein Kind fr\u00fch verloren hast oder dich ein Schwangerschaftsverlust erwartet, sind wir da.\" \/>\n<meta property=\"og:url\" content=\"https:\/\/geburtshaus-bremen.de\/en\/fehlgeburt\/\" \/>\n<meta property=\"og:site_name\" content=\"Geburtshaus Bremen\" \/>\n<meta property=\"article:modified_time\" content=\"2025-10-07T17:47:15+00:00\" \/>\n<meta property=\"og:image\" content=\"https:\/\/geburtshaus-bremen.de\/wp-content\/uploads\/2024\/10\/Symbol-Transparenz.webp\" \/>\n\t<meta property=\"og:image:width\" content=\"1920\" \/>\n\t<meta property=\"og:image:height\" content=\"1317\" \/>\n\t<meta property=\"og:image:type\" content=\"image\/webp\" \/>\n<meta name=\"twitter:card\" content=\"summary_large_image\" \/>\n<meta name=\"twitter:label1\" content=\"Estimated reading time\" \/>\n\t<meta name=\"twitter:data1\" content=\"2 minutes\" \/>\n<script type=\"application\/ld+json\" class=\"yoast-schema-graph\">{\"@context\":\"https:\\\/\\\/schema.org\",\"@graph\":[{\"@type\":\"WebPage\",\"@id\":\"https:\\\/\\\/geburtshaus-bremen.de\\\/fehlgeburt\\\/\",\"url\":\"https:\\\/\\\/geburtshaus-bremen.de\\\/fehlgeburt\\\/\",\"name\":\"Begleitung bei Fehlgeburt \u2013 Geburtshaus Bremen\",\"isPartOf\":{\"@id\":\"https:\\\/\\\/geburtshaus-bremen.de\\\/#website\"},\"primaryImageOfPage\":{\"@id\":\"https:\\\/\\\/geburtshaus-bremen.de\\\/fehlgeburt\\\/#primaryimage\"},\"image\":{\"@id\":\"https:\\\/\\\/geburtshaus-bremen.de\\\/fehlgeburt\\\/#primaryimage\"},\"thumbnailUrl\":\"https:\\\/\\\/geburtshaus-bremen.de\\\/wp-content\\\/uploads\\\/2024\\\/10\\\/Symbol-Transparenz-1024x703.webp\",\"datePublished\":\"2024-10-01T12:09:19+00:00\",\"dateModified\":\"2025-10-07T17:47:15+00:00\",\"description\":\"Wir begleiten dich bei einer Fehlgeburt. Wenn du dein Kind fr\u00fch verloren hast oder dich ein Schwangerschaftsverlust erwartet, sind wir da.\",\"breadcrumb\":{\"@id\":\"https:\\\/\\\/geburtshaus-bremen.de\\\/fehlgeburt\\\/#breadcrumb\"},\"inLanguage\":\"en-GB\",\"potentialAction\":[{\"@type\":\"ReadAction\",\"target\":[\"https:\\\/\\\/geburtshaus-bremen.de\\\/fehlgeburt\\\/\"]}]},{\"@type\":\"ImageObject\",\"inLanguage\":\"en-GB\",\"@id\":\"https:\\\/\\\/geburtshaus-bremen.de\\\/fehlgeburt\\\/#primaryimage\",\"url\":\"https:\\\/\\\/geburtshaus-bremen.de\\\/wp-content\\\/uploads\\\/2024\\\/10\\\/Symbol-Transparenz-1024x703.webp\",\"contentUrl\":\"https:\\\/\\\/geburtshaus-bremen.de\\\/wp-content\\\/uploads\\\/2024\\\/10\\\/Symbol-Transparenz-1024x703.webp\"},{\"@type\":\"BreadcrumbList\",\"@id\":\"https:\\\/\\\/geburtshaus-bremen.de\\\/fehlgeburt\\\/#breadcrumb\",\"itemListElement\":[{\"@type\":\"ListItem\",\"position\":1,\"name\":\"Home\",\"item\":\"https:\\\/\\\/geburtshaus-bremen.de\\\/\"},{\"@type\":\"ListItem\",\"position\":2,\"name\":\"Fehlgeburt\"}]},{\"@type\":\"WebSite\",\"@id\":\"https:\\\/\\\/geburtshaus-bremen.de\\\/#website\",\"url\":\"https:\\\/\\\/geburtshaus-bremen.de\\\/\",\"name\":\"Geburtshaus Bremen\",\"description\":\"Hebammen\",\"publisher\":{\"@id\":\"https:\\\/\\\/geburtshaus-bremen.de\\\/#organization\"},\"potentialAction\":[{\"@type\":\"SearchAction\",\"target\":{\"@type\":\"EntryPoint\",\"urlTemplate\":\"https:\\\/\\\/geburtshaus-bremen.de\\\/?s={search_term_string}\"},\"query-input\":{\"@type\":\"PropertyValueSpecification\",\"valueRequired\":true,\"valueName\":\"search_term_string\"}}],\"inLanguage\":\"en-GB\"},{\"@type\":\"Organization\",\"@id\":\"https:\\\/\\\/geburtshaus-bremen.de\\\/#organization\",\"name\":\"Geburtshaus Bremen\",\"url\":\"https:\\\/\\\/geburtshaus-bremen.de\\\/\",\"logo\":{\"@type\":\"ImageObject\",\"inLanguage\":\"en-GB\",\"@id\":\"https:\\\/\\\/geburtshaus-bremen.de\\\/#\\\/schema\\\/logo\\\/image\\\/\",\"url\":\"https:\\\/\\\/geburtshaus-bremen.de\\\/wp-content\\\/uploads\\\/2024\\\/10\\\/Geburtshaus-Logo.webp\",\"contentUrl\":\"https:\\\/\\\/geburtshaus-bremen.de\\\/wp-content\\\/uploads\\\/2024\\\/10\\\/Geburtshaus-Logo.webp\",\"width\":1611,\"height\":1651,\"caption\":\"Geburtshaus Bremen\"},\"image\":{\"@id\":\"https:\\\/\\\/geburtshaus-bremen.de\\\/#\\\/schema\\\/logo\\\/image\\\/\"}}]}<\/script>\n<!-- \/ Yoast SEO plugin. -->","yoast_head_json":{"title":"Begleitung bei Fehlgeburt \u2013 Geburtshaus Bremen","description":"Wir begleiten dich bei einer Fehlgeburt. Wenn du dein Kind fr\u00fch verloren hast oder dich ein Schwangerschaftsverlust erwartet, sind wir da.","robots":{"index":"index","follow":"follow","max-snippet":"max-snippet:-1","max-image-preview":"max-image-preview:large","max-video-preview":"max-video-preview:-1"},"canonical":"https:\/\/geburtshaus-bremen.de\/en\/fehlgeburt\/","og_locale":"en_GB","og_type":"article","og_title":"Begleitung bei Fehlgeburt \u2013 Geburtshaus Bremen","og_description":"Wir begleiten dich bei einer Fehlgeburt. Wenn du dein Kind fr\u00fch verloren hast oder dich ein Schwangerschaftsverlust erwartet, sind wir da.","og_url":"https:\/\/geburtshaus-bremen.de\/en\/fehlgeburt\/","og_site_name":"Geburtshaus Bremen","article_modified_time":"2025-10-07T17:47:15+00:00","og_image":[{"width":1920,"height":1317,"url":"https:\/\/geburtshaus-bremen.de\/wp-content\/uploads\/2024\/10\/Symbol-Transparenz.webp","type":"image\/webp"}],"twitter_card":"summary_large_image","twitter_misc":{"Estimated reading time":"2 minutes"},"schema":{"@context":"https:\/\/schema.org","@graph":[{"@type":"WebPage","@id":"https:\/\/geburtshaus-bremen.de\/fehlgeburt\/","url":"https:\/\/geburtshaus-bremen.de\/fehlgeburt\/","name":"Begleitung bei Fehlgeburt \u2013 Geburtshaus Bremen","isPartOf":{"@id":"https:\/\/geburtshaus-bremen.de\/#website"},"primaryImageOfPage":{"@id":"https:\/\/geburtshaus-bremen.de\/fehlgeburt\/#primaryimage"},"image":{"@id":"https:\/\/geburtshaus-bremen.de\/fehlgeburt\/#primaryimage"},"thumbnailUrl":"https:\/\/geburtshaus-bremen.de\/wp-content\/uploads\/2024\/10\/Symbol-Transparenz-1024x703.webp","datePublished":"2024-10-01T12:09:19+00:00","dateModified":"2025-10-07T17:47:15+00:00","description":"Wir begleiten dich bei einer Fehlgeburt. Wenn du dein Kind fr\u00fch verloren hast oder dich ein Schwangerschaftsverlust erwartet, sind wir da.","breadcrumb":{"@id":"https:\/\/geburtshaus-bremen.de\/fehlgeburt\/#breadcrumb"},"inLanguage":"en-GB","potentialAction":[{"@type":"ReadAction","target":["https:\/\/geburtshaus-bremen.de\/fehlgeburt\/"]}]},{"@type":"ImageObject","inLanguage":"en-GB","@id":"https:\/\/geburtshaus-bremen.de\/fehlgeburt\/#primaryimage","url":"https:\/\/geburtshaus-bremen.de\/wp-content\/uploads\/2024\/10\/Symbol-Transparenz-1024x703.webp","contentUrl":"https:\/\/geburtshaus-bremen.de\/wp-content\/uploads\/2024\/10\/Symbol-Transparenz-1024x703.webp"},{"@type":"BreadcrumbList","@id":"https:\/\/geburtshaus-bremen.de\/fehlgeburt\/#breadcrumb","itemListElement":[{"@type":"ListItem","position":1,"name":"Home","item":"https:\/\/geburtshaus-bremen.de\/"},{"@type":"ListItem","position":2,"name":"Fehlgeburt"}]},{"@type":"WebSite","@id":"https:\/\/geburtshaus-bremen.de\/#website","url":"https:\/\/geburtshaus-bremen.de\/","name":"Geburtshaus Bremen","description":"Hebammen","publisher":{"@id":"https:\/\/geburtshaus-bremen.de\/#organization"},"potentialAction":[{"@type":"SearchAction","target":{"@type":"EntryPoint","urlTemplate":"https:\/\/geburtshaus-bremen.de\/?s={search_term_string}"},"query-input":{"@type":"PropertyValueSpecification","valueRequired":true,"valueName":"search_term_string"}}],"inLanguage":"en-GB"},{"@type":"Organization","@id":"https:\/\/geburtshaus-bremen.de\/#organization","name":"Geburtshaus Bremen","url":"https:\/\/geburtshaus-bremen.de\/","logo":{"@type":"ImageObject","inLanguage":"en-GB","@id":"https:\/\/geburtshaus-bremen.de\/#\/schema\/logo\/image\/","url":"https:\/\/geburtshaus-bremen.de\/wp-content\/uploads\/2024\/10\/Geburtshaus-Logo.webp","contentUrl":"https:\/\/geburtshaus-bremen.de\/wp-content\/uploads\/2024\/10\/Geburtshaus-Logo.webp","width":1611,"height":1651,"caption":"Geburtshaus Bremen"},"image":{"@id":"https:\/\/geburtshaus-bremen.de\/#\/schema\/logo\/image\/"}}]}},"_links":{"self":[{"href":"https:\/\/geburtshaus-bremen.de\/en\/wp-json\/wp\/v2\/pages\/18","targetHints":{"allow":["GET"]}}],"collection":[{"href":"https:\/\/geburtshaus-bremen.de\/en\/wp-json\/wp\/v2\/pages"}],"about":[{"href":"https:\/\/geburtshaus-bremen.de\/en\/wp-json\/wp\/v2\/types\/page"}],"author":[{"embeddable":true,"href":"https:\/\/geburtshaus-bremen.de\/en\/wp-json\/wp\/v2\/users\/1"}],"replies":[{"embeddable":true,"href":"https:\/\/geburtshaus-bremen.de\/en\/wp-json\/wp\/v2\/comments?post=18"}],"version-history":[{"count":10,"href":"https:\/\/geburtshaus-bremen.de\/en\/wp-json\/wp\/v2\/pages\/18\/revisions"}],"predecessor-version":[{"id":4517,"href":"https:\/\/geburtshaus-bremen.de\/en\/wp-json\/wp\/v2\/pages\/18\/revisions\/4517"}],"wp:attachment":[{"href":"https:\/\/geburtshaus-bremen.de\/en\/wp-json\/wp\/v2\/media?parent=18"}],"curies":[{"name":"wp","href":"https:\/\/api.w.org\/{rel}","templated":true}]}}